{"id":26966,"date":"2023-04-17T09:24:10","date_gmt":"2023-04-17T09:24:10","guid":{"rendered":"https:\/\/xoelec.gal\/cookies\/"},"modified":"2024-10-15T11:06:11","modified_gmt":"2024-10-15T11:06:11","slug":"cookies","status":"publish","type":"page","link":"https:\/\/xoelec.gal\/es\/cookies\/","title":{"rendered":"Cookies"},"content":{"rendered":"\t\t<div data-elementor-type=\"wp-page\" data-elementor-id=\"26966\" class=\"elementor elementor-26966 elementor-26302\">\n\t\t\t\t\t\t<div class=\"elementor-inner\">\n\t\t\t\t<div class=\"elementor-section-wrap\">\n\t\t\t\t\t\t\t\t\t<section class=\"elementor-section elementor-top-section elementor-element elementor-element-8f2afca elementor-section-boxed elementor-section-height-default elementor-section-height-default sc_fly_static\" data-id=\"8f2afca\" data-element_type=\"section\">\n\t\t\t\t\t\t<div class=\"elementor-container elementor-column-gap-extended\">\n\t\t\t\t\t\t\t<div class=\"elementor-row\">\n\t\t\t\t\t<div class=\"elementor-column elementor-col-100 elementor-top-column elementor-element elementor-element-29ae7d3 sc_inner_width_none sc_content_align_inherit sc_layouts_column_icons_position_left sc_fly_static\" data-id=\"29ae7d3\" data-element_type=\"column\">\n\t\t\t<div class=\"elementor-column-wrap elementor-element-populated\">\n\t\t\t\t\t\t\t<div class=\"elementor-widget-wrap\">\n\t\t\t\t\t\t<div class=\"elementor-element elementor-element-99983c9 sc_fly_static elementor-widget elementor-widget-heading\" data-id=\"99983c9\" data-element_type=\"widget\" data-widget_type=\"heading.default\">\n\t\t\t\t<div class=\"elementor-widget-container\">\n\t\t\t<h2 class=\"elementor-heading-title elementor-size-default\">Cookies<\/h2>\t\t<\/div>\n\t\t\t\t<\/div>\n\t\t\t\t<div class=\"elementor-element elementor-element-7158b32 elementor-view-default sc_fly_static elementor-widget elementor-widget-icon\" data-id=\"7158b32\" data-element_type=\"widget\" data-widget_type=\"icon.default\">\n\t\t\t\t<div class=\"elementor-widget-container\">\n\t\t\t\t\t<div class=\"elementor-icon-wrapper\">\n\t\t\t<div class=\"elementor-icon\">\n\t\t\t<svg xmlns=\"http:\/\/www.w3.org\/2000\/svg\" width=\"53.009\" height=\"73.075\" viewBox=\"0 0 53.009 73.075\"><g id=\"new-arrow-down-big\" transform=\"translate(-1010.96 -281.143)\"><path id=\"Arrow_37300\" data-name=\"Arrow 37300\" d=\"M1789.519,279.143V350.1\" transform=\"translate(-752 2)\" fill=\"none\" stroke=\"#1a0c01\" stroke-width=\"2\"><\/path><path id=\"Arrow_37301\" data-name=\"Arrow 37301\" d=\"M1011.667,327.006l25.8,25.8,25.8-25.8\" fill=\"none\" stroke=\"#1a0c01\" stroke-width=\"2\"><\/path><\/g><\/svg>\t\t\t<\/div>\n\t\t<\/div>\n\t\t\t\t<\/div>\n\t\t\t\t<\/div>\n\t\t\t\t\t\t<\/div>\n\t\t\t\t\t<\/div>\n\t\t<\/div>\n\t\t\t\t\t\t\t\t<\/div>\n\t\t\t\t\t<\/div>\n\t\t<\/section>\n\t\t\t\t<section class=\"elementor-section elementor-top-section elementor-element elementor-element-2b1184b0 elementor-section-boxed elementor-section-height-default elementor-section-height-default sc_fly_static\" data-id=\"2b1184b0\" data-element_type=\"section\" data-settings=\"{&quot;background_background&quot;:&quot;classic&quot;}\">\n\t\t\t\t\t\t<div class=\"elementor-container elementor-column-gap-extended\">\n\t\t\t\t\t\t\t<div class=\"elementor-row\">\n\t\t\t\t\t<div class=\"elementor-column elementor-col-100 elementor-top-column elementor-element elementor-element-153e1c19 sc_inner_width_none sc_content_align_inherit sc_layouts_column_icons_position_left sc_fly_static\" data-id=\"153e1c19\" data-element_type=\"column\">\n\t\t\t<div class=\"elementor-column-wrap elementor-element-populated\">\n\t\t\t\t\t\t\t<div class=\"elementor-widget-wrap\">\n\t\t\t\t\t\t<div class=\"elementor-element elementor-element-54db29de sc_fly_static elementor-widget elementor-widget-text-editor\" data-id=\"54db29de\" data-element_type=\"widget\" data-widget_type=\"text-editor.default\">\n\t\t\t\t<div class=\"elementor-widget-container\">\n\t\t\t\t\t\t\t\t<div class=\"elementor-text-editor elementor-clearfix\">\n\t\t\t\t\t\t\t\t\t<\/div>\n\t\t\t\t\t\t<\/div>\n\t\t\t\t<\/div>\n\t\t\t\t<div class=\"elementor-element elementor-element-bba351b sc_fly_static elementor-widget elementor-widget-text-editor\" data-id=\"bba351b\" data-element_type=\"widget\" data-widget_type=\"text-editor.default\">\n\t\t\t\t<div class=\"elementor-widget-container\">\n\t\t\t\t\t\t\t\t<div class=\"elementor-text-editor elementor-clearfix\">\n\t\t\t\t\t\t\t\t\t<\/div>\n\t\t\t\t\t\t<\/div>\n\t\t\t\t<\/div>\n\t\t\t\t<div class=\"elementor-element elementor-element-dc83ad3 sc_fly_static elementor-widget elementor-widget-text-editor\" data-id=\"dc83ad3\" data-element_type=\"widget\" data-widget_type=\"text-editor.default\">\n\t\t\t\t<div class=\"elementor-widget-container\">\n\t\t\t\t\t\t\t\t<div class=\"elementor-text-editor elementor-clearfix\">\n\t\t\t\t\t\t\t\t\t<\/div>\n\t\t\t\t\t\t<\/div>\n\t\t\t\t<\/div>\n\t\t\t\t<div class=\"elementor-element elementor-element-97bedd3 sc_fly_static elementor-widget elementor-widget-text-editor\" data-id=\"97bedd3\" data-element_type=\"widget\" data-widget_type=\"text-editor.default\">\n\t\t\t\t<div class=\"elementor-widget-container\">\n\t\t\t\t\t\t\t\t<div class=\"elementor-text-editor elementor-clearfix\">\n\t\t\t\t<p><strong>POL\u00cdTICA DE COOKIES<\/strong><\/p>\n<p>Le informamos que, cumpliendo con la normativa vigente en protecci\u00f3n de datos, utilizamos cookies propias y de terceros.<\/p>\n<h3>\u00bfQu\u00e9 es una cookie?<\/h3>\n<p>Una cookie es un fichero que se descarga en el dispositivo del usuario cuando accede a una p\u00e1gina web o aplicaci\u00f3n. Su funci\u00f3n es almacenar y recuperar informaci\u00f3n sobre la navegaci\u00f3n realizada en el dispositivo. Las cookies permiten obtener datos sobre los usuarios y pueden tener diversas finalidades, como reconocer al usuario, obtener informaci\u00f3n sobre sus h\u00e1bitos de navegaci\u00f3n o personalizar el contenido mostrado. A continuaci\u00f3n, describimos los usos espec\u00edficos que hacemos de estas tecnolog\u00edas.   <\/p>\n<h3>Tipos de cookies y su finalidad<\/h3>\n<p><strong>Seg\u00fan qui\u00e9n los gestiona:<\/strong><\/p>\n<ul>\n<li><strong>Cookies propias:<\/strong> son aquellas que se env\u00edan al dispositivo del usuario desde un equipo o dominio gestionado por el propio editor de la p\u00e1gina.<\/li>\n<li><strong>Cookies de terceros<\/strong>: son aquellas enviadas al dispositivo del usuario desde un equipo o dominio que no est\u00e1 gestionado por el editor, sino por otra entidad que trata los datos recogidos a trav\u00e9s de las cookies.<\/li>\n<\/ul>\n<p><strong>Dependiendo del tiempo que permanezcan activos:<\/strong><\/p>\n<ul>\n<li><strong>Cookies de sesi\u00f3n<\/strong>: son temporales y desaparecen cuando el usuario abandona la p\u00e1gina web o aplicaci\u00f3n. Permiten analizar patrones de tr\u00e1fico y mejorar la experiencia de navegaci\u00f3n. <\/li>\n<li><strong>Cookies permanentes<\/strong>: se almacenan en el dispositivo y son reconocidos cada vez que el usuario accede a la web. Tienen una vida \u00fatil definida por el responsable de la cookie, tras la cual dejan de funcionar. <\/li>\n<\/ul>\n<h3>Cookies que utilizamos<\/h3>\n<ul>\n<li><strong>Cookies t\u00e9cnicas<\/strong>: son aquellas que permiten la navegaci\u00f3n y utilizaci\u00f3n de las opciones o servicios del sitio web o app.<\/li>\n<li><strong>Cookies de an\u00e1lise<\/strong>: permitir a los usuarios analizar su comportamiento para mejorar los servicios ofrecidos. Este sitio web utiliza cookies anal\u00edticas de terceros, como Google LLC y Meta Inc. (ver apartado \u201cTransferencias internacionales de datos\u201d). <\/li>\n<li><strong>Cookies de publicidad potente<\/strong>: permiten analizar los h\u00e1bitos de navegaci\u00f3n del usuario y crear un perfil para mostrar publicidad personalizada. Utilizamos cookies publicitarias de terceros, como Meta Inc. <\/li>\n<\/ul>\n<h4>Cookies espec\u00edficas utilizadas:<\/h4>\n<ul>\n<li><strong>trx_addons_is_retina<\/strong>: Se utiliza para detectar si el visitante tiene pantalla retina y optimizar la calidad visual. (Cookie de sesi\u00f3n). <\/li>\n<li><strong>wp-wpml_current_language<\/strong>: gestiona las traducciones y almacena el idioma visto por el usuario. (Cookie de sesi\u00f3n). <\/li>\n<li><strong>cmplz_banner-status<\/strong>: gestiona el estado de consentimiento del usuario con respecto al banner de cookies. (Duraci\u00f3n: 1 a\u00f1o). <\/li>\n<li><strong>cmplz_consented_services<\/strong>: almacena os servizos aceptados polo usuario no uso de cookies. (Duraci\u00f3n: 1 ano). <\/li>\n<li><strong>cmmplz_function<\/strong>: almacena el estado de consentimiento para cookies funcionales. (Duraci\u00f3n: 1 a\u00f1o). <\/li>\n<li><strong>cmmplz_function<\/strong>: almacena el estado de consentimiento para cookies funcionales. (Duraci\u00f3n: 1 a\u00f1o). <\/li>\n<li><strong>cmplz_policy_id<\/strong>: guarda el identificador de la pol\u00edtica de cookies aceptada por el usuario. (Duraci\u00f3n: 1 a\u00f1o). <\/li>\n<li><strong>cmmplz_preferences<\/strong>: almacena el consentimiento para cookies de preferencias, como el idioma. (Duraci\u00f3n: 1 a\u00f1o). <\/li>\n<li><strong>cmplz_statistics<\/strong>: almacenar el consentimiento para las cookies estad\u00edsticas. (Duraci\u00f3n: 1 a\u00f1o). <\/li>\n<\/ul>\n<h3>Duraci\u00f3n das cookies<\/h3>\n<p>Las cookies utilizadas en este sitio web permanecer\u00e1n en el dispositivo del usuario durante el tiempo necesario para cumplir su finalidad y, como m\u00e1ximo, durante dos (2) a\u00f1os, salvo que el usuario las elimine a trav\u00e9s de la configuraci\u00f3n del navegador.<\/p>\n<h3>Informaci\u00f3n sobre transferencias internacionales de datos<\/h3>\n<p>Los datos personales recogidos a trav\u00e9s de las cookies de Google LLC y Meta Inc., ambas con sede en EE.UU., podr\u00e1n ser transferidos internacionalmente de acuerdo con la Decisi\u00f3n Marco de Adecuaci\u00f3n de la Privacidad de Datos, vigente desde el 10 de julio de 2023. Puede consultar los acuerdos correspondientes aqu\u00ed : <\/p>\n<ul>\n<li><a target=\"_new\" rel=\"noopener\">Google Tag Manager<\/a><\/li>\n<li><a href=\"https:\/\/www.facebook.com\/privacy\/policy\" target=\"_new\" rel=\"noopener\">Meta Privacy Terms<\/a><\/li>\n<\/ul>\n<p>Garantizamos que se tomar\u00e1n las medidas necesarias para proteger la confidencialidad, integridad y disponibilidad de los datos.<\/p>\n<h3>\u00bfQui\u00e9n utiliza cookies?<\/h3>\n<p>La informaci\u00f3n recogida a trav\u00e9s de las cookies ser\u00e1 tratada seg\u00fan las finalidades y plazos indicados en esta pol\u00edtica. Si acepta cookies de terceros deber\u00e1 eliminarlas desde las opciones del navegador o a trav\u00e9s del sistema ofrecido por el tercero. <\/p>\n<h3>\u00bfC\u00f3mo cambiar la configuraci\u00f3n de las cookies?<\/h3>\n<p>Para revisar o modificar la configuraci\u00f3n de cookies de este sitio web acceda al <strong>Panel de Configuraci\u00f3n<\/strong>. Tambi\u00e9n puede configurar su navegador para que controle su huella digital. Aqu\u00ed hay enlaces a las secciones de ayuda de los navegadores m\u00e1s populares:  <\/p>\n<ul>\n<li><strong>Microsoft Edge<\/strong>: <a href=\"https:\/\/support.microsoft.com\" target=\"_new\" rel=\"noopener\">Ayuda de Microsoft<\/a><\/li>\n<li><strong>Firefox<\/strong>: <a href=\"https:\/\/support.mozilla.org\" target=\"_new\" rel=\"noopener\">Ayuda de Mozilla<\/a><\/li>\n<li><strong>Chrome<\/strong>: <a href=\"https:\/\/support.google.com\" target=\"_new\" rel=\"noopener\">Ayuda de Google<\/a><\/li>\n<li><strong>Safari<\/strong>: <a href=\"https:\/\/support.apple.com\" target=\"_new\" rel=\"noopener\">Ayuda de Apple<\/a><\/li>\n<li><strong>Android<\/strong>: en Men\u00fa &gt; Ajustes &gt; Seguridad y Privacidad &gt; Aceptar cookies.<\/li>\n<\/ul>\n<h3>Actualizaciones y cambios en la pol\u00edtica de cookies<\/h3>\n<p>Esta pol\u00edtica podr\u00e1 ser modificada en funci\u00f3n de cambios legislativos o para adaptarse a las instrucciones de la Agencia Espa\u00f1ola de Protecci\u00f3n de Datos. Le recomendamos que lo revise peri\u00f3dicamente. <\/p>\n<h3>Derechos de usuario<\/h3>\n<p>Para obtener m\u00e1s informaci\u00f3n sobre el tratamiento de sus datos personales o ejercer sus derechos, visite nuestra <strong>Pol\u00edtica de Privacidad<\/strong> o p\u00f3ngase en contacto con nosotros a trav\u00e9s del correo electr\u00f3nico <strong>i<a rel=\"noopener\">nfo@xoelec.gal.<\/a><\/strong><\/p>\n<p><strong>\u00daltima actualizaci\u00f3n<\/strong>: 11 de junio de 2024.<\/p>\n\t\t\t\t\t<\/div>\n\t\t\t\t\t\t<\/div>\n\t\t\t\t<\/div>\n\t\t\t\t<div class=\"elementor-element elementor-element-971c69f sc_fly_static elementor-widget elementor-widget-text-editor\" data-id=\"971c69f\" data-element_type=\"widget\" data-widget_type=\"text-editor.default\">\n\t\t\t\t<div class=\"elementor-widget-container\">\n\t\t\t\t\t\t\t\t<div class=\"elementor-text-editor elementor-clearfix\">\n\t\t\t\t\t\t\t\t\t<\/div>\n\t\t\t\t\t\t<\/div>\n\t\t\t\t<\/div>\n\t\t\t\t\t\t<\/div>\n\t\t\t\t\t<\/div>\n\t\t<\/div>\n\t\t\t\t\t\t\t\t<\/div>\n\t\t\t\t\t<\/div>\n\t\t<\/section>\n\t\t\t\t<section class=\"elementor-section elementor-top-section elementor-element elementor-element-7ef86bc8 elementor-section-boxed elementor-section-height-default elementor-section-height-default sc_fly_static\" data-id=\"7ef86bc8\" data-element_type=\"section\">\n\t\t\t\t\t\t<div class=\"elementor-container elementor-column-gap-extended\">\n\t\t\t\t\t\t\t<div class=\"elementor-row\">\n\t\t\t\t\t<div class=\"elementor-column elementor-col-100 elementor-top-column elementor-element elementor-element-19372eea sc_inner_width_none sc_content_align_inherit sc_layouts_column_icons_position_left sc_fly_static\" data-id=\"19372eea\" data-element_type=\"column\">\n\t\t\t<div class=\"elementor-column-wrap elementor-element-populated\">\n\t\t\t\t\t\t\t<div class=\"elementor-widget-wrap\">\n\t\t\t\t\t\t<div class=\"elementor-element elementor-element-690b98ed sc_fly_static elementor-widget elementor-widget-spacer\" data-id=\"690b98ed\" data-element_type=\"widget\" data-widget_type=\"spacer.default\">\n\t\t\t\t<div class=\"elementor-widget-container\">\n\t\t\t\t\t<div class=\"elementor-spacer\">\n\t\t\t<div class=\"elementor-spacer-inner\"><\/div>\n\t\t<\/div>\n\t\t\t\t<\/div>\n\t\t\t\t<\/div>\n\t\t\t\t\t\t<\/div>\n\t\t\t\t\t<\/div>\n\t\t<\/div>\n\t\t\t\t\t\t\t\t<\/div>\n\t\t\t\t\t<\/div>\n\t\t<\/section>\n\t\t\t\t\t\t\t\t\t<\/div>\n\t\t\t<\/div>\n\t\t\t\t\t<\/div>\n\t\t","protected":false},"excerpt":{"rendered":"<p>Cookies POL\u00cdTICA DE COOKIES Le informamos que, cumpliendo con la normativa vigente en protecci\u00f3n de datos, utilizamos cookies propias y de terceros. \u00bfQu\u00e9 es una cookie? Una cookie es un&hellip;<\/p>\n","protected":false},"author":2,"featured_media":0,"parent":0,"menu_order":0,"comment_status":"closed","ping_status":"closed","template":"","meta":{"footnotes":""},"class_list":["post-26966","page","type-page","status-publish","hentry"],"_links":{"self":[{"href":"https:\/\/xoelec.gal\/es\/wp-json\/wp\/v2\/pages\/26966","targetHints":{"allow":["GET"]}}],"collection":[{"href":"https:\/\/xoelec.gal\/es\/wp-json\/wp\/v2\/pages"}],"about":[{"href":"https:\/\/xoelec.gal\/es\/wp-json\/wp\/v2\/types\/page"}],"author":[{"embeddable":true,"href":"https:\/\/xoelec.gal\/es\/wp-json\/wp\/v2\/users\/2"}],"replies":[{"embeddable":true,"href":"https:\/\/xoelec.gal\/es\/wp-json\/wp\/v2\/comments?post=26966"}],"version-history":[{"count":1,"href":"https:\/\/xoelec.gal\/es\/wp-json\/wp\/v2\/pages\/26966\/revisions"}],"predecessor-version":[{"id":26967,"href":"https:\/\/xoelec.gal\/es\/wp-json\/wp\/v2\/pages\/26966\/revisions\/26967"}],"wp:attachment":[{"href":"https:\/\/xoelec.gal\/es\/wp-json\/wp\/v2\/media?parent=26966"}],"curies":[{"name":"wp","href":"https:\/\/api.w.org\/{rel}","templated":true}]}}