{"id":26968,"date":"2023-04-17T09:04:44","date_gmt":"2023-04-17T09:04:44","guid":{"rendered":"https:\/\/xoelec.gal\/aviso-legal\/"},"modified":"2024-10-15T11:14:57","modified_gmt":"2024-10-15T11:14:57","slug":"aviso-legal","status":"publish","type":"page","link":"https:\/\/xoelec.gal\/es\/aviso-legal\/","title":{"rendered":"Aviso Legal"},"content":{"rendered":"\t\t<div data-elementor-type=\"wp-page\" data-elementor-id=\"26968\" class=\"elementor elementor-26968 elementor-26294\">\n\t\t\t\t\t\t<div class=\"elementor-inner\">\n\t\t\t\t<div class=\"elementor-section-wrap\">\n\t\t\t\t\t\t\t\t\t<section class=\"elementor-section elementor-top-section elementor-element elementor-element-8f2afca elementor-section-boxed elementor-section-height-default elementor-section-height-default sc_fly_static\" data-id=\"8f2afca\" data-element_type=\"section\">\n\t\t\t\t\t\t<div class=\"elementor-container elementor-column-gap-extended\">\n\t\t\t\t\t\t\t<div class=\"elementor-row\">\n\t\t\t\t\t<div class=\"elementor-column elementor-col-100 elementor-top-column elementor-element elementor-element-29ae7d3 sc_inner_width_none sc_content_align_inherit sc_layouts_column_icons_position_left sc_fly_static\" data-id=\"29ae7d3\" data-element_type=\"column\">\n\t\t\t<div class=\"elementor-column-wrap elementor-element-populated\">\n\t\t\t\t\t\t\t<div class=\"elementor-widget-wrap\">\n\t\t\t\t\t\t<div class=\"elementor-element elementor-element-99983c9 sc_fly_static elementor-widget elementor-widget-heading\" data-id=\"99983c9\" data-element_type=\"widget\" data-widget_type=\"heading.default\">\n\t\t\t\t<div class=\"elementor-widget-container\">\n\t\t\t<h2 class=\"elementor-heading-title elementor-size-default\">Aviso Legal<\/h2>\t\t<\/div>\n\t\t\t\t<\/div>\n\t\t\t\t<div class=\"elementor-element elementor-element-7158b32 elementor-view-default sc_fly_static elementor-widget elementor-widget-icon\" data-id=\"7158b32\" data-element_type=\"widget\" data-widget_type=\"icon.default\">\n\t\t\t\t<div class=\"elementor-widget-container\">\n\t\t\t\t\t<div class=\"elementor-icon-wrapper\">\n\t\t\t<div class=\"elementor-icon\">\n\t\t\t<svg xmlns=\"http:\/\/www.w3.org\/2000\/svg\" width=\"53.009\" height=\"73.075\" viewBox=\"0 0 53.009 73.075\"><g id=\"new-arrow-down-big\" transform=\"translate(-1010.96 -281.143)\"><path id=\"Arrow_37300\" data-name=\"Arrow 37300\" d=\"M1789.519,279.143V350.1\" transform=\"translate(-752 2)\" fill=\"none\" stroke=\"#1a0c01\" stroke-width=\"2\"><\/path><path id=\"Arrow_37301\" data-name=\"Arrow 37301\" d=\"M1011.667,327.006l25.8,25.8,25.8-25.8\" fill=\"none\" stroke=\"#1a0c01\" stroke-width=\"2\"><\/path><\/g><\/svg>\t\t\t<\/div>\n\t\t<\/div>\n\t\t\t\t<\/div>\n\t\t\t\t<\/div>\n\t\t\t\t\t\t<\/div>\n\t\t\t\t\t<\/div>\n\t\t<\/div>\n\t\t\t\t\t\t\t\t<\/div>\n\t\t\t\t\t<\/div>\n\t\t<\/section>\n\t\t\t\t<section class=\"elementor-section elementor-top-section elementor-element elementor-element-cd33197 elementor-section-boxed elementor-section-height-default elementor-section-height-default sc_fly_static\" data-id=\"cd33197\" data-element_type=\"section\">\n\t\t\t\t\t\t<div class=\"elementor-container elementor-column-gap-extended\">\n\t\t\t\t\t\t\t<div class=\"elementor-row\">\n\t\t\t\t\t<div class=\"elementor-column elementor-col-16 elementor-top-column elementor-element elementor-element-993d970 sc_inner_width_none sc_content_align_inherit sc_layouts_column_icons_position_left sc_fly_static\" data-id=\"993d970\" data-element_type=\"column\">\n\t\t\t<div class=\"elementor-column-wrap\">\n\t\t\t\t\t\t\t<div class=\"elementor-widget-wrap\">\n\t\t\t\t\t\t\t\t<\/div>\n\t\t\t\t\t<\/div>\n\t\t<\/div>\n\t\t\t\t<div class=\"elementor-column elementor-col-66 elementor-top-column elementor-element elementor-element-71734a1 sc_inner_width_none sc_content_align_inherit sc_layouts_column_icons_position_left sc_fly_static\" data-id=\"71734a1\" data-element_type=\"column\">\n\t\t\t<div class=\"elementor-column-wrap elementor-element-populated\">\n\t\t\t\t\t\t\t<div class=\"elementor-widget-wrap\">\n\t\t\t\t\t\t<div class=\"elementor-element elementor-element-03d78be sc_fly_static elementor-widget elementor-widget-text-editor\" data-id=\"03d78be\" data-element_type=\"widget\" data-widget_type=\"text-editor.default\">\n\t\t\t\t<div class=\"elementor-widget-container\">\n\t\t\t\t\t\t\t\t<div class=\"elementor-text-editor elementor-clearfix\">\n\t\t\t\t<p>AVISO LEGAL<\/p>\n<p>Este Aviso Legal regula el uso del sitio web: https:\/\/xoelec.gal\/ (en adelante, la P\u00e1gina), propiedad de Xos\u00e9 Manuel Abeledo Castro con NIF: 32661008L y direcci\u00f3n: Avda do Areal &#8211; Cabanas. correo electr\u00f3nico: info@xoelec.gal Inscrita en el Registro Mercantil de Madrid. <\/p>\n<p>La utilizaci\u00f3n de la P\u00e1gina requiere la aceptaci\u00f3n por parte del usuario de todas y cada una de las cl\u00e1usulas indicadas en este Aviso Legal, as\u00ed como de cada una de las advertencias o cl\u00e1usulas espec\u00edficas establecidas para la contrataci\u00f3n de determinados servicios, productos o usos de la P\u00e1gina. .<\/p>\n<p>Si no acepta las cl\u00e1usulas establecidas en este Aviso Legal, el usuario deber\u00e1 abstenerse de acceder y\/o utilizar los servicios y\/o contenidos puestos a disposici\u00f3n en la P\u00e1gina.<\/p>\n<p>USO DE LA P\u00c1GINA<\/p>\n<p>El usuario se compromete a no utilizar la P\u00e1gina para realizar actividades contrarias a la ley, la moral, el orden p\u00fablico y, en general, a utilizarla de conformidad con las condiciones establecidas en este Aviso Legal. Asimismo, se compromete a no realizar actividades publicitarias o de explotaci\u00f3n comercial mediante el env\u00edo de mensajes que utilicen una identidad falsa. <\/p>\n<p>Jos\u00e9 Manuel Abeledo Castro. act\u00faa exclusivamente como responsable en su calidad de prestador de un servicio de informaci\u00f3n sobre sus propios servicios, no siendo responsable de los contenidos que, en incumplimiento del presente aviso, los usuarios puedan enviar o publicar, siendo el usuario el \u00fanico responsable de la veracidad y licitud de los mismos. . .<\/p>\n<p>El servicio que est\u00e1 utilizando el usuario podr\u00e1 verse interrumpido y la relaci\u00f3n con el usuario podr\u00e1 resolverse de forma inmediata si se detecta un uso de la P\u00e1gina o de cualquiera de los servicios ofrecidos en la misma que pueda considerarse contrario a lo expresado en este Aviso Legal. .<\/p>\n<p>PROPIEDAD INTELECTUAL E INDUSTRIAL<\/p>\n<p>Todos los textos, im\u00e1genes, marcas, gr\u00e1ficos, logotipos, botones, archivos de software, combinaciones de colores, as\u00ed como la estructura, selecci\u00f3n, ordenaci\u00f3n y presentaci\u00f3n de los contenidos, est\u00e1n protegidos por las leyes de Propiedad Intelectual e Industrial, siendo su reproducci\u00f3n, distribuci\u00f3n , Queda prohibida la comunicaci\u00f3n y transformaci\u00f3n p\u00fablica, salvo para uso personal y privado.<\/p>\n<p>No se garantiza que los contenidos sean exactos o est\u00e9n libres de errores o que el libre uso de los contenidos por parte del usuario no infrinja los derechos de terceros. El buen o mal uso de esta P\u00e1gina y sus contenidos es bajo responsabilidad del usuario. <\/p>\n<p>Tambi\u00e9n queda prohibido reproducir, retransmitir, copiar, transferir o redistribuir, total o parcialmente, la informaci\u00f3n contenida en la P\u00e1gina, cualquiera que sea su finalidad y el medio utilizado para ello, sin la previa autorizaci\u00f3n del titular.<\/p>\n<p>ENLACES O ENLACES<\/p>\n<p>Se pueden incluir enlaces a sitios de terceros. Las p\u00e1ginas u otros sitios pertenecientes a terceros no han sido revisados ni est\u00e1n sujetos a controles por parte de los propietarios de los sitios web, quienes no se hacen responsables del contenido de dichos sitios web ni de las medidas adoptadas en materia de privacidad o del tratamiento de sus datos. datos personales  <\/p>\n<p>Le recomendamos que lea atentamente los t\u00e9rminos de uso y la pol\u00edtica de privacidad de estos sitios.<\/p>\n<p>Si est\u00e1 interesado en activar un enlace a cualquiera de las p\u00e1ginas de los titulares de este sitio web, deber\u00e1 comunicarlo, obteniendo el consentimiento expreso para la creaci\u00f3n del enlace. Xos\u00e9 Manuel Abeledo Castro se reserva el derecho de oponerse a la activaci\u00f3n de enlaces a su sitio web. <\/p>\n<p>MENORES<\/p>\n<p>Se recuerda a los usuarios mayores de edad que tengan a su cargo menores de edad que ser\u00e1 de su exclusiva responsabilidad determinar qu\u00e9 servicios y\/o contenidos no son adecuados para su edad.<\/p>\n<p>Existen programas inform\u00e1ticos que permiten filtrar y bloquear el acceso a determinados contenidos y servicios, de forma que puedas decidir a qu\u00e9 contenidos y servicios de Internet pueden acceder los menores y a cu\u00e1les no.<\/p>\n<p>RESPONSABILIDADES<\/p>\n<p>Xos\u00e9 Manuel Abeledo Castro no ser\u00e1 responsable directa ni subsidiariamente de:<\/p>\n<p>La calidad del servicio, la velocidad de acceso, el correcto funcionamiento o la disponibilidad o continuidad del funcionamiento de la P\u00e1gina.<\/p>\n<p>Cualquier da\u00f1o que pueda sufrir el equipo del usuario por el uso de la P\u00e1gina.<\/p>\n<p>Los casos en los que un tercero, vulnerando las medidas de seguridad establecidas, acceda a los mensajes o los utilice para enviar virus inform\u00e1ticos.<\/p>\n<p>Defectos y vicios de cualquier clase en los contenidos transmitidos, difundidos, almacenados o puestos a disposici\u00f3n.<\/p>\n<p>La licitud, fiabilidad y utilidad de los contenidos que los usuarios transmitan con el uso de la P\u00e1gina o de los servicios ofrecidos en la misma, as\u00ed como su veracidad o exactitud.<\/p>\n<p>No se garantiza el uso que hagan los usuarios de la P\u00e1gina, ni que lo hagan de conformidad con lo dispuesto en este Aviso Legal.<\/p>\n<p>A t\u00edtulo enunciativo y no limitativo, el usuario ser\u00e1 responsable de:<\/p>\n<p>Del contenido ingresado por ellos, especialmente de los datos e informaci\u00f3n ingresados y enviados a trav\u00e9s de la P\u00e1gina.<\/p>\n<p>De la realizaci\u00f3n de cualquier tipo de actuaci\u00f3n il\u00edcita, lesiva de derechos, nociva y\/o perjudicial.<\/p>\n<p>Del suministro de datos falsos o incorrectos.<\/p>\n<p>FUERO<\/p>\n<p>Este Aviso Legal est\u00e1 redactado en gallego y est\u00e1 sujeto a la legislaci\u00f3n espa\u00f1ola vigente. Para cualquier tipo de controversia derivada del uso de los servicios ofrecidos o de los contenidos de la P\u00e1gina, las partes, con la aceptaci\u00f3n de las cl\u00e1usulas establecidas en este Aviso Legal, se someter\u00e1n a los Juzgados y Tribunales competentes de Madrid capital. <\/p>\n<p>En el caso de que alguna de las cl\u00e1usulas descritas en el Aviso Legal fuera declarada nula, las restantes cl\u00e1usulas seguir\u00e1n afectadas por la declaraci\u00f3n de nulidad.<\/p>\n<p>\u00daltima actualizaci\u00f3n: 11 de junio de 2024<\/p>\t\t\t\t\t<\/div>\n\t\t\t\t\t\t<\/div>\n\t\t\t\t<\/div>\n\t\t\t\t\t\t<\/div>\n\t\t\t\t\t<\/div>\n\t\t<\/div>\n\t\t\t\t<div class=\"elementor-column elementor-col-16 elementor-top-column elementor-element elementor-element-3b83b39 sc_inner_width_none sc_content_align_inherit sc_layouts_column_icons_position_left sc_fly_static\" data-id=\"3b83b39\" data-element_type=\"column\">\n\t\t\t<div class=\"elementor-column-wrap\">\n\t\t\t\t\t\t\t<div class=\"elementor-widget-wrap\">\n\t\t\t\t\t\t\t\t<\/div>\n\t\t\t\t\t<\/div>\n\t\t<\/div>\n\t\t\t\t\t\t\t\t<\/div>\n\t\t\t\t\t<\/div>\n\t\t<\/section>\n\t\t\t\t<section class=\"elementor-section elementor-top-section elementor-element elementor-element-7ef86bc8 elementor-section-boxed elementor-section-height-default elementor-section-height-default sc_fly_static\" data-id=\"7ef86bc8\" data-element_type=\"section\">\n\t\t\t\t\t\t<div class=\"elementor-container elementor-column-gap-extended\">\n\t\t\t\t\t\t\t<div class=\"elementor-row\">\n\t\t\t\t\t<div class=\"elementor-column elementor-col-100 elementor-top-column elementor-element elementor-element-19372eea sc_inner_width_none sc_content_align_inherit sc_layouts_column_icons_position_left sc_fly_static\" data-id=\"19372eea\" data-element_type=\"column\">\n\t\t\t<div class=\"elementor-column-wrap elementor-element-populated\">\n\t\t\t\t\t\t\t<div class=\"elementor-widget-wrap\">\n\t\t\t\t\t\t<div class=\"elementor-element elementor-element-690b98ed sc_fly_static elementor-widget elementor-widget-spacer\" data-id=\"690b98ed\" data-element_type=\"widget\" data-widget_type=\"spacer.default\">\n\t\t\t\t<div class=\"elementor-widget-container\">\n\t\t\t\t\t<div class=\"elementor-spacer\">\n\t\t\t<div class=\"elementor-spacer-inner\"><\/div>\n\t\t<\/div>\n\t\t\t\t<\/div>\n\t\t\t\t<\/div>\n\t\t\t\t\t\t<\/div>\n\t\t\t\t\t<\/div>\n\t\t<\/div>\n\t\t\t\t\t\t\t\t<\/div>\n\t\t\t\t\t<\/div>\n\t\t<\/section>\n\t\t\t\t\t\t\t\t\t<\/div>\n\t\t\t<\/div>\n\t\t\t\t\t<\/div>\n\t\t","protected":false},"excerpt":{"rendered":"<p>Aviso Legal AVISO LEGAL Este Aviso Legal regula el uso del sitio web: https:\/\/xoelec.gal\/ (en adelante, la P\u00e1gina), propiedad de Xos\u00e9 Manuel Abeledo Castro con NIF: 32661008L y direcci\u00f3n: Avda&hellip;<\/p>\n","protected":false},"author":2,"featured_media":0,"parent":0,"menu_order":0,"comment_status":"closed","ping_status":"closed","template":"","meta":{"footnotes":""},"class_list":["post-26968","page","type-page","status-publish","hentry"],"_links":{"self":[{"href":"https:\/\/xoelec.gal\/es\/wp-json\/wp\/v2\/pages\/26968","targetHints":{"allow":["GET"]}}],"collection":[{"href":"https:\/\/xoelec.gal\/es\/wp-json\/wp\/v2\/pages"}],"about":[{"href":"https:\/\/xoelec.gal\/es\/wp-json\/wp\/v2\/types\/page"}],"author":[{"embeddable":true,"href":"https:\/\/xoelec.gal\/es\/wp-json\/wp\/v2\/users\/2"}],"replies":[{"embeddable":true,"href":"https:\/\/xoelec.gal\/es\/wp-json\/wp\/v2\/comments?post=26968"}],"version-history":[{"count":3,"href":"https:\/\/xoelec.gal\/es\/wp-json\/wp\/v2\/pages\/26968\/revisions"}],"predecessor-version":[{"id":26971,"href":"https:\/\/xoelec.gal\/es\/wp-json\/wp\/v2\/pages\/26968\/revisions\/26971"}],"wp:attachment":[{"href":"https:\/\/xoelec.gal\/es\/wp-json\/wp\/v2\/media?parent=26968"}],"curies":[{"name":"wp","href":"https:\/\/api.w.org\/{rel}","templated":true}]}}