{"id":26972,"date":"2023-04-15T08:23:10","date_gmt":"2023-04-15T08:23:10","guid":{"rendered":"https:\/\/xoelec.gal\/politica-de-privacidad\/"},"modified":"2024-10-15T11:39:43","modified_gmt":"2024-10-15T11:39:43","slug":"politica-de-privacidad","status":"publish","type":"page","link":"https:\/\/xoelec.gal\/es\/politica-de-privacidad\/","title":{"rendered":"Pol\u00edtica de privacidad"},"content":{"rendered":"\t\t<div data-elementor-type=\"wp-page\" data-elementor-id=\"26972\" class=\"elementor elementor-26972 elementor-12954\">\n\t\t\t\t\t\t<div class=\"elementor-inner\">\n\t\t\t\t<div class=\"elementor-section-wrap\">\n\t\t\t\t\t\t\t\t\t<section class=\"elementor-section elementor-top-section elementor-element elementor-element-8f2afca elementor-section-boxed elementor-section-height-default elementor-section-height-default sc_fly_static\" data-id=\"8f2afca\" data-element_type=\"section\">\n\t\t\t\t\t\t<div class=\"elementor-container elementor-column-gap-extended\">\n\t\t\t\t\t\t\t<div class=\"elementor-row\">\n\t\t\t\t\t<div class=\"elementor-column elementor-col-100 elementor-top-column elementor-element elementor-element-29ae7d3 sc_inner_width_none sc_content_align_inherit sc_layouts_column_icons_position_left sc_fly_static\" data-id=\"29ae7d3\" data-element_type=\"column\">\n\t\t\t<div class=\"elementor-column-wrap elementor-element-populated\">\n\t\t\t\t\t\t\t<div class=\"elementor-widget-wrap\">\n\t\t\t\t\t\t<div class=\"elementor-element elementor-element-99983c9 sc_fly_static elementor-widget elementor-widget-heading\" data-id=\"99983c9\" data-element_type=\"widget\" data-widget_type=\"heading.default\">\n\t\t\t\t<div class=\"elementor-widget-container\">\n\t\t\t<h2 class=\"elementor-heading-title elementor-size-default\">Pol\u00edtica de privacidad<\/h2>\t\t<\/div>\n\t\t\t\t<\/div>\n\t\t\t\t<div class=\"elementor-element elementor-element-7158b32 elementor-view-default sc_fly_static elementor-widget elementor-widget-icon\" data-id=\"7158b32\" data-element_type=\"widget\" data-widget_type=\"icon.default\">\n\t\t\t\t<div class=\"elementor-widget-container\">\n\t\t\t\t\t<div class=\"elementor-icon-wrapper\">\n\t\t\t<div class=\"elementor-icon\">\n\t\t\t<svg xmlns=\"http:\/\/www.w3.org\/2000\/svg\" width=\"53.009\" height=\"73.075\" viewBox=\"0 0 53.009 73.075\"><g id=\"new-arrow-down-big\" transform=\"translate(-1010.96 -281.143)\"><path id=\"Arrow_37300\" data-name=\"Arrow 37300\" d=\"M1789.519,279.143V350.1\" transform=\"translate(-752 2)\" fill=\"none\" stroke=\"#1a0c01\" stroke-width=\"2\"><\/path><path id=\"Arrow_37301\" data-name=\"Arrow 37301\" d=\"M1011.667,327.006l25.8,25.8,25.8-25.8\" fill=\"none\" stroke=\"#1a0c01\" stroke-width=\"2\"><\/path><\/g><\/svg>\t\t\t<\/div>\n\t\t<\/div>\n\t\t\t\t<\/div>\n\t\t\t\t<\/div>\n\t\t\t\t\t\t<\/div>\n\t\t\t\t\t<\/div>\n\t\t<\/div>\n\t\t\t\t\t\t\t\t<\/div>\n\t\t\t\t\t<\/div>\n\t\t<\/section>\n\t\t\t\t<section class=\"elementor-section elementor-top-section elementor-element elementor-element-795cf69 elementor-section-boxed elementor-section-height-default elementor-section-height-default sc_fly_static\" data-id=\"795cf69\" data-element_type=\"section\">\n\t\t\t\t\t\t<div class=\"elementor-container elementor-column-gap-extended\">\n\t\t\t\t\t\t\t<div class=\"elementor-row\">\n\t\t\t\t\t<div class=\"elementor-column elementor-col-16 elementor-top-column elementor-element elementor-element-108151d sc_inner_width_none sc_content_align_inherit sc_layouts_column_icons_position_left sc_fly_static\" data-id=\"108151d\" data-element_type=\"column\">\n\t\t\t<div class=\"elementor-column-wrap\">\n\t\t\t\t\t\t\t<div class=\"elementor-widget-wrap\">\n\t\t\t\t\t\t\t\t<\/div>\n\t\t\t\t\t<\/div>\n\t\t<\/div>\n\t\t\t\t<div class=\"elementor-column elementor-col-66 elementor-top-column elementor-element elementor-element-7417022 sc_inner_width_none sc_content_align_inherit sc_layouts_column_icons_position_left sc_fly_static\" data-id=\"7417022\" data-element_type=\"column\">\n\t\t\t<div class=\"elementor-column-wrap elementor-element-populated\">\n\t\t\t\t\t\t\t<div class=\"elementor-widget-wrap\">\n\t\t\t\t\t\t<div class=\"elementor-element elementor-element-d1b00b4 sc_fly_static elementor-widget elementor-widget-text-editor\" data-id=\"d1b00b4\" data-element_type=\"widget\" data-widget_type=\"text-editor.default\">\n\t\t\t\t<div class=\"elementor-widget-container\">\n\t\t\t\t\t\t\t\t<div class=\"elementor-text-editor elementor-clearfix\">\n\t\t\t\t<p>Pol\u00edtica de privacidad<\/p>\n<p><span style=\"font-family: inherit; font-style: inherit; background-color: var(--theme-color-bg_color); color: var(--theme-color-text); letter-spacing: 0px;\">De acuerdo con la legislaci\u00f3n vigente en Protecci\u00f3n de Datos de Car\u00e1cter Personal, los usuarios del sitio web xoelec.gal (en adelante, la P\u00e1gina) quedan informados de la Pol\u00edtica de Privacidad y Protecci\u00f3n de Datos que ser\u00e1 de aplicaci\u00f3n al tratamiento de los datos personales que el Usuario facilite voluntariamente. al acceder al sitio web. <\/span><\/p>\n<p>El Usuario, al facilitar sus datos personales, consiente expresamente que Xos\u00e9 Manuel Abeledo Castro. puede tratar estos datos de conformidad con los t\u00e9rminos de esta cl\u00e1usula de Pol\u00edtica de Privacidad y Protecci\u00f3n de Datos y para las finalidades aqu\u00ed expresadas y ser\u00e1 el \u00fanico responsable de la veracidad de los datos facilitados. <\/p>\n<p>Se informa a los usuarios que sus datos personales s\u00f3lo podr\u00e1n obtenerse para su tratamiento cuando sean adecuados, pertinentes y no excesivos en relaci\u00f3n con el alcance y las finalidades concretas, expl\u00edcitas y leg\u00edtimas para las que fueron obtenidos. Se suprimir\u00e1n cuando ya no sean necesarios o pertinentes para dicha finalidad o cuando el titular lo solicite en el ejercicio de su derecho de supresi\u00f3n. <\/p>\n<p>Xos\u00e9 Manuel Abeledo Castro manifiesta su compromiso de cumplir con la legislaci\u00f3n vigente en cada momento en materia de protecci\u00f3n de datos. A continuaci\u00f3n encontrar\u00e1 informaci\u00f3n detallada sobre el tratamiento de sus datos personales: <\/p>\n<p>INFORMACI\u00d3N SOBRE PROTECCI\u00d3N DE DATOS PERSONALES<\/p>\n<p>Responsable del tratamiento.<\/p>\n<p>Raz\u00f3n social: Xos\u00e9 Manuel Abeledo Castro<\/p>\n<p>NIF: 32661008L<\/p>\n<p>Enderezo: Avda do Areal \u2013 Cabanas<\/p>\n<p>Correo electr\u00f3nico: info@xoelec.gal<\/p>\n<p>De ahora en adelante, Xos\u00e9 Manuel Abeledo Castro<\/p>\n<p>Finalidad del tratamiento<\/p>\n<p>Formulario de solicitud de informaci\u00f3n: responder a la solicitud de informaci\u00f3n solicitada a trav\u00e9s de los formularios de contacto.<\/p>\n<p>Env\u00edo de comunicaciones comerciales sobre los servicios ofrecidos a trav\u00e9s del sitio web.<\/p>\n<p>Cookies: uso de cookies t\u00e9cnicas para el correcto funcionamiento del sitio web. Siempre que el Usuario d\u00e9 su consentimiento utilizaremos cookies anal\u00edticas y publicitarias para ofrecerle informaci\u00f3n que pueda ser de su inter\u00e9s. <\/p>\n<p>Bases de legitimidad<\/p>\n<p>La base para el tratamiento de los datos es el consentimiento prestado por el usuario al marcar la(s) casilla(s) de aceptaci\u00f3n.<\/p>\n<p>Los campos del formulario de contacto marcados con un asterisco (*) se consideran campos obligatorios para gestionar su objeto. Si no los facilita, no ser\u00e1 posible dar respuesta a su solicitud. <\/p>\n<p>Consulte nuestra pol\u00edtica de cookies para obtener informaci\u00f3n sobre las cookies necesarias para que el sitio web funcione.<\/p>\n<p>Periodo de conservaci\u00f3n<\/p>\n<p>Los datos de contacto se conservar\u00e1n durante el tiempo necesario para dar respuesta a su consulta y no se solicitar\u00e1 su supresi\u00f3n.<\/p>\n<p>Consulte nuestra Pol\u00edtica de Cookies para identificar la validez de cada cookie.<\/p>\n<p>Destinatarios de datos<\/p>\n<p>Le informamos que las siguientes categor\u00edas de destinatarios podr\u00e1n tener acceso a sus datos:<\/p>\n<p>Comerciantes: para atender su solicitud de informaci\u00f3n.<\/p>\n<p>Administraciones P\u00fablicas cuando sea necesario para el cumplimiento de nuestras obligaciones legales.<\/p>\n<p>Asimismo, le informamos que Xoelec act\u00faa como Responsable del Tratamiento<\/p>\n<p>Transferencias internacionales previstas<\/p>\n<p>Siempre que el Usuario consienta la instalaci\u00f3n de las correspondientes cookies, se realizar\u00e1n transferencias internacionales a Estados Unidos. EE. UU., como resultado del uso de los servicios proporcionados por Google, LLC y Meta, Inc. En ambos casos, estas entidades se han adherido a la Decisi\u00f3n de Adecuaci\u00f3n de la Comisi\u00f3n de 10 de julio de 2023, Marco de Privacidad de Datos UE-UE, que permite el flujo de datos personales de ciudadanos europeos a EE.UU.<\/p>\n<p>Derechos de los interesados<\/p>\n<p>Puede ejercitar sus derechos de acceso, rectificaci\u00f3n, supresi\u00f3n, portabilidad y limitaci\u00f3n u oposici\u00f3n dirigi\u00e9ndose por escrito a la direcci\u00f3n indicada anteriormente.<\/p>\n<p>Tiene derecho a retirar el consentimiento prestado cuando el tratamiento se base en el mismo.<\/p>\n<p>Tiene derecho a presentar una reclamaci\u00f3n ante la Autoridad de Control (Agencia Espa\u00f1ola de Protecci\u00f3n de Datos: www.aepd.es) si considera que no se han respetado adecuadamente sus derechos.<\/p>\n<p>Xos\u00e9 Manuel Abeledo Castro adopta las medidas t\u00e9cnicas y organizativas necesarias para garantizar la seguridad de los datos personales y evitar su alteraci\u00f3n, p\u00e9rdida, tratamiento o acceso no autorizado, habida cuenta del estado de la tecnolog\u00eda, la naturaleza de los datos y los riesgos a que se encuentran. expuesto.<\/p>\n<p>La P\u00e1gina dispone del Certificado SSL (Secure Socket Layer), con el fin de garantizar la seguridad en la transmisi\u00f3n de datos entre su navegador y nuestra P\u00e1gina. El servidor seguro establece un &nbsp;<span style=\"background-color: var(--theme-color-bg_color);\">conexi\u00f3n para que a informaci\u00f3n se transmita cifrada, o que garante que s\u00f3 sexa intelixible para o dispositivo do usuario e o da P\u00e1xina. Deste xeito, o uso do protocolo SSL garante: <\/span><\/p><p>Que el usuario est\u00e1 comunicando sus datos al centro servidor de la P\u00e1gina y no a nadie m\u00e1s.<\/p><p>Que entre el usuario y la P\u00e1gina los datos se transmiten cifrados, evitando su posible lectura o manipulaci\u00f3n por terceros.<\/p><p>Para verificar que se encuentra en un entorno seguro, puede:<\/p><p>Compruebe que la direcci\u00f3n de la p\u00e1gina comience con https:\/\/<\/p><p>Comprueba que aparece un icono de candado en la barra de direcciones de tu navegador<\/p><p>Comprueba la presencia del certificado SSL consultando las propiedades de la P\u00e1gina en tu navegador, para lo cual deber\u00e1s consultar sus caracter\u00edsticas.<\/p><p>Cualquier cambio realizado en la Pol\u00edtica de Privacidad y las pr\u00e1cticas de gesti\u00f3n de la informaci\u00f3n se reflejar\u00e1 oportunamente, y dicha pol\u00edtica de privacidad podr\u00e1 agregarse, modificarse o eliminarse cuando se considere necesario. En ning\u00fan caso se modificar\u00e1n las pol\u00edticas o pr\u00e1cticas para hacerlas menos efectivas en la protecci\u00f3n de datos personales sin el previo consentimiento de los interesados. <\/p><p>\u00daltima actualizaci\u00f3n: 11 de junio de 2024<\/p>\t\t\t\t\t<\/div>\n\t\t\t\t\t\t<\/div>\n\t\t\t\t<\/div>\n\t\t\t\t\t\t<\/div>\n\t\t\t\t\t<\/div>\n\t\t<\/div>\n\t\t\t\t<div class=\"elementor-column elementor-col-16 elementor-top-column elementor-element elementor-element-f305d68 sc_inner_width_none sc_content_align_inherit sc_layouts_column_icons_position_left sc_fly_static\" data-id=\"f305d68\" data-element_type=\"column\">\n\t\t\t<div class=\"elementor-column-wrap\">\n\t\t\t\t\t\t\t<div class=\"elementor-widget-wrap\">\n\t\t\t\t\t\t\t\t<\/div>\n\t\t\t\t\t<\/div>\n\t\t<\/div>\n\t\t\t\t\t\t\t\t<\/div>\n\t\t\t\t\t<\/div>\n\t\t<\/section>\n\t\t\t\t<section class=\"elementor-section elementor-top-section elementor-element elementor-element-7ef86bc8 elementor-section-boxed elementor-section-height-default elementor-section-height-default sc_fly_static\" data-id=\"7ef86bc8\" data-element_type=\"section\">\n\t\t\t\t\t\t<div class=\"elementor-container elementor-column-gap-extended\">\n\t\t\t\t\t\t\t<div class=\"elementor-row\">\n\t\t\t\t\t<div class=\"elementor-column elementor-col-100 elementor-top-column elementor-element elementor-element-19372eea sc_inner_width_none sc_content_align_inherit sc_layouts_column_icons_position_left sc_fly_static\" data-id=\"19372eea\" data-element_type=\"column\">\n\t\t\t<div class=\"elementor-column-wrap elementor-element-populated\">\n\t\t\t\t\t\t\t<div class=\"elementor-widget-wrap\">\n\t\t\t\t\t\t<div class=\"elementor-element elementor-element-690b98ed sc_fly_static elementor-widget elementor-widget-spacer\" data-id=\"690b98ed\" data-element_type=\"widget\" data-widget_type=\"spacer.default\">\n\t\t\t\t<div class=\"elementor-widget-container\">\n\t\t\t\t\t<div class=\"elementor-spacer\">\n\t\t\t<div class=\"elementor-spacer-inner\"><\/div>\n\t\t<\/div>\n\t\t\t\t<\/div>\n\t\t\t\t<\/div>\n\t\t\t\t\t\t<\/div>\n\t\t\t\t\t<\/div>\n\t\t<\/div>\n\t\t\t\t\t\t\t\t<\/div>\n\t\t\t\t\t<\/div>\n\t\t<\/section>\n\t\t\t\t\t\t\t\t\t<\/div>\n\t\t\t<\/div>\n\t\t\t\t\t<\/div>\n\t\t","protected":false},"excerpt":{"rendered":"<p>Pol\u00edtica de privacidad Pol\u00edtica de privacidad De acuerdo con la legislaci\u00f3n vigente en Protecci\u00f3n de Datos de Car\u00e1cter Personal, los usuarios del sitio web xoelec.gal (en adelante, la P\u00e1gina) quedan&hellip;<\/p>\n","protected":false},"author":1,"featured_media":0,"parent":0,"menu_order":0,"comment_status":"closed","ping_status":"closed","template":"","meta":{"footnotes":""},"class_list":["post-26972","page","type-page","status-publish","hentry"],"_links":{"self":[{"href":"https:\/\/xoelec.gal\/es\/wp-json\/wp\/v2\/pages\/26972","targetHints":{"allow":["GET"]}}],"collection":[{"href":"https:\/\/xoelec.gal\/es\/wp-json\/wp\/v2\/pages"}],"about":[{"href":"https:\/\/xoelec.gal\/es\/wp-json\/wp\/v2\/types\/page"}],"author":[{"embeddable":true,"href":"https:\/\/xoelec.gal\/es\/wp-json\/wp\/v2\/users\/1"}],"replies":[{"embeddable":true,"href":"https:\/\/xoelec.gal\/es\/wp-json\/wp\/v2\/comments?post=26972"}],"version-history":[{"count":1,"href":"https:\/\/xoelec.gal\/es\/wp-json\/wp\/v2\/pages\/26972\/revisions"}],"predecessor-version":[{"id":26973,"href":"https:\/\/xoelec.gal\/es\/wp-json\/wp\/v2\/pages\/26972\/revisions\/26973"}],"wp:attachment":[{"href":"https:\/\/xoelec.gal\/es\/wp-json\/wp\/v2\/media?parent=26972"}],"curies":[{"name":"wp","href":"https:\/\/api.w.org\/{rel}","templated":true}]}}